{"id":2238,"date":"2022-04-16T12:22:42","date_gmt":"2022-04-16T16:22:42","guid":{"rendered":"https:\/\/floridafamilybenefit.com\/subsidios-para-planes-de-salud-aca-para-menores-de-65-anos\/"},"modified":"2023-06-16T11:11:13","modified_gmt":"2023-06-16T15:11:13","slug":"subsidios-para-planes-de-salud-aca-para-menores-de-65-anos","status":"publish","type":"page","link":"https:\/\/floridafamilybenefit.com\/es\/subsidios-para-planes-de-salud-aca-para-menores-de-65-anos\/","title":{"rendered":"Subsidios para planes de salud ACA para menores de 65 a\u00f1os"},"content":{"rendered":"\n<p style=\"\">\u00bfNecesita ayuda con QMB?Comun\u00edquese con un agente autorizado en FloridaLlame al <a href=\"tel:18556822317\" target=\"_blank\" style=\"outline: none;\" rel=\"noopener\">855-682-2317<\/a>English <a href=\"tel:18889975204\" style=\"outline: none;\">888-997-5204<\/a><\/p>\n<p> <a href=\"\" style=\"\"><span style=\"\">    <\/span> <span style=\"\"><span style=\"\"><strong>PREGUNTE POR CORREO ELECTR\u00d3NICO<\/strong><\/span><\/span> <\/a>  <\/p>\n<h1 style=\"text-align: center;\">Subsidios de salud para menores de 65 a\u00f1os en Florida&nbsp;<\/h1>\n<h2 style=\"font-size: 24px !important;\">Ahora puede Obtener Planes de Salud Gratuitos<\/h2>\n<p style=\"color: rgb(27, 27, 27) !important; --tcb-applied-color:rgb(27, 27, 27)  !important;\">Debido a los recientes cambios introducidos en la Ley del Plan de Rescate Estadounidense, ya no es necesario tener bajos ingresos para poder optar a las subvenciones de los principales planes de salud.<\/p>\n<p style=\"color: rgb(27, 27, 27) !important; --tcb-applied-color:rgb(27, 27, 27)  !important;\">Florida Family Benefit le ayudar\u00e1 a conseguir los mejores planes de salud a los precios m\u00e1s baratos, y para muchos de nuestros clientes, a&nbsp;<strong>$0<\/strong>. &nbsp;Por favor <a href=\"void(0)\" target=\"_blank\" style=\"outline: none;\" rel=\"noopener\">contacta con nosotros<\/a> y le ayudaremos, o llama al <a href=\"tel:18889975204\" target=\"_blank\" style=\"outline: none;\" rel=\"noopener\">888-997-5204<\/a>.<\/p>\n<h2 style=\"text-align: center;\">\u00bfQu\u00e9 niveles de renta dan derecho a subvenci\u00f3n en 2022?<\/h2>\n<p style=\"text-align: center;\">Este gr\u00e1fico muestra los niveles de ingresos que corresponden a varios porcentajes del nivel federal de pobreza de 2021, utilizado para determinar la elegibilidad para el subsidio para la cobertura del mercado de 2022 en los Estados Unidos continentales:<\/p>\n<p><span><img decoding=\"async\" alt=\"\" data-id=\"2242\" data-init-width=\"1056\" data-init-height=\"540\" title=\"Captura de pantalla 2023-06-16 a las 16.30.34\" data-src=\"https:\/\/floridafamilybenefit.com\/wp-content\/uploads\/2023\/06\/Captura-de-pantalla-2023-06-16-a-las-16.30.34.png\" data-width=\"744\" width=\"744\" height=\"540\" src=\"data:image\/gif;base64,R0lGODlhAQABAAAAACH5BAEKAAEALAAAAAABAAEAAAICTAEAOw==\" class=\"lazyload\" style=\"--smush-placeholder-width: 744px; --smush-placeholder-aspect-ratio: 744\/540;\"><\/span><\/p>\n<h3 style=\"text-align: center;\">\u00a1Solicite un presupuesto!<\/h3>\n\n<div class=\"wpcf7 no-js\" id=\"wpcf7-f2245-o1\" lang=\"es-ES\" dir=\"ltr\" data-wpcf7-id=\"2245\">\n<div class=\"screen-reader-response\"><p role=\"status\" aria-live=\"polite\" aria-atomic=\"true\"><\/p> <ul><\/ul><\/div>\n<form action=\"\/es\/wp-json\/wp\/v2\/pages\/2238#wpcf7-f2245-o1\" method=\"post\" class=\"wpcf7-form init\" aria-label=\"Formulario de contacto\" novalidate=\"novalidate\" data-status=\"init\">\n<div style=\"display: none;\">\n<input type=\"hidden\" name=\"_wpcf7\" value=\"2245\" \/>\n<input type=\"hidden\" name=\"_wpcf7_version\" value=\"6.0.6\" \/>\n<input type=\"hidden\" name=\"_wpcf7_locale\" value=\"es_ES\" \/>\n<input type=\"hidden\" name=\"_wpcf7_unit_tag\" value=\"wpcf7-f2245-o1\" \/>\n<input type=\"hidden\" name=\"_wpcf7_container_post\" value=\"0\" \/>\n<input type=\"hidden\" name=\"_wpcf7_posted_data_hash\" value=\"\" \/>\n<\/div>\n<p>Nombre: <span class=\"wpcf7-form-control-wrap\" data-name=\"your-name\"><input size=\"18\" maxlength=\"400\" class=\"wpcf7-form-control wpcf7-text wpcf7-validates-as-required\" aria-required=\"true\" aria-invalid=\"false\" value=\"\" type=\"text\" name=\"your-name\" \/><\/span>\n<\/p>\n<p>C\u00f3digo postal: <span class=\"wpcf7-form-control-wrap\" data-name=\"text-7\"><input size=\"5\" maxlength=\"400\" class=\"wpcf7-form-control wpcf7-text wpcf7-validates-as-required\" aria-required=\"true\" aria-invalid=\"false\" value=\"\" type=\"text\" name=\"text-7\" \/><\/span>\n<\/p>\n<p>M\u00e9todo de contacto preferido:\n<\/p>\n<p><span class=\"wpcf7-form-control-wrap\" data-name=\"checkbox-924\"><span class=\"wpcf7-form-control wpcf7-checkbox wpcf7-validates-as-required\"><span class=\"wpcf7-list-item first\"><label><input type=\"checkbox\" name=\"checkbox-924[]\" value=\"Text\" \/><span class=\"wpcf7-list-item-label\">Text<\/span><\/label><\/span><span class=\"wpcf7-list-item\"><label><input type=\"checkbox\" name=\"checkbox-924[]\" value=\"Email\" \/><span class=\"wpcf7-list-item-label\">Email<\/span><\/label><\/span><span class=\"wpcf7-list-item last\"><label><input type=\"checkbox\" name=\"checkbox-924[]\" value=\"Phone\" \/><span class=\"wpcf7-list-item-label\">Phone<\/span><\/label><\/span><\/span><\/span>\n<\/p>\n<p>Tel\u00e9fono: (Para preguntas y confirmaciones)<br \/>\n<span class=\"wpcf7-form-control-wrap\" data-name=\"tel-363\"><input size=\"15\" maxlength=\"400\" class=\"wpcf7-form-control wpcf7-tel wpcf7-validates-as-required wpcf7-text wpcf7-validates-as-tel\" aria-required=\"true\" aria-invalid=\"false\" value=\"\" type=\"tel\" name=\"tel-363\" \/><\/span>\n<\/p>\n<p>Email: (Para preguntas y confirmaci\u00f3n)<br \/>\n<span class=\"wpcf7-form-control-wrap\" data-name=\"email-130\"><input size=\"15\" maxlength=\"400\" class=\"wpcf7-form-control wpcf7-email wpcf7-validates-as-required wpcf7-text wpcf7-validates-as-email\" aria-required=\"true\" aria-invalid=\"false\" value=\"\" type=\"email\" name=\"email-130\" \/><\/span>\n<\/p>\n<p><input class=\"wpcf7-form-control wpcf7-submit has-spinner\" type=\"submit\" value=\"Get a Quote!\" \/>\n<\/p><div class=\"wpcf7-response-output\" aria-hidden=\"true\"><\/div>\n<\/form>\n<\/div>\n\n","protected":false},"excerpt":{"rendered":"<p>\u00bfNecesita ayuda con QMB?Comun\u00edquese con un agente autorizado en FloridaLlame al 855-682-2317English 888-997-5204 PREGUNTE POR CORREO ELECTR\u00d3NICO Subsidios de salud para menores de 65 a\u00f1os en Florida&nbsp; Ahora puede Obtener Planes de Salud Gratuitos Debido a los recientes cambios introducidos en la Ley del Plan de Rescate Estadounidense, ya no es necesario tener bajos ingresos [&hellip;]<\/p>\n","protected":false},"author":1,"featured_media":0,"parent":0,"menu_order":0,"comment_status":"closed","ping_status":"closed","template":"","meta":{"footnotes":""},"class_list":["post-2238","page","type-page","status-publish","hentry","post-wrapper","thrv_wrapper"],"_links":{"self":[{"href":"https:\/\/floridafamilybenefit.com\/es\/wp-json\/wp\/v2\/pages\/2238","targetHints":{"allow":["GET"]}}],"collection":[{"href":"https:\/\/floridafamilybenefit.com\/es\/wp-json\/wp\/v2\/pages"}],"about":[{"href":"https:\/\/floridafamilybenefit.com\/es\/wp-json\/wp\/v2\/types\/page"}],"author":[{"embeddable":true,"href":"https:\/\/floridafamilybenefit.com\/es\/wp-json\/wp\/v2\/users\/1"}],"replies":[{"embeddable":true,"href":"https:\/\/floridafamilybenefit.com\/es\/wp-json\/wp\/v2\/comments?post=2238"}],"version-history":[{"count":5,"href":"https:\/\/floridafamilybenefit.com\/es\/wp-json\/wp\/v2\/pages\/2238\/revisions"}],"predecessor-version":[{"id":2246,"href":"https:\/\/floridafamilybenefit.com\/es\/wp-json\/wp\/v2\/pages\/2238\/revisions\/2246"}],"wp:attachment":[{"href":"https:\/\/floridafamilybenefit.com\/es\/wp-json\/wp\/v2\/media?parent=2238"}],"curies":[{"name":"wp","href":"https:\/\/api.w.org\/{rel}","templated":true}]}}