{"id":2171,"date":"2020-12-08T13:17:12","date_gmt":"2020-12-08T17:17:12","guid":{"rendered":"https:\/\/floridafamilybenefit.com\/seguro-hospitalario-de-la-parte-a-de-medicare\/"},"modified":"2023-06-06T19:56:32","modified_gmt":"2023-06-06T23:56:32","slug":"florida-medicare-parte-a","status":"publish","type":"page","link":"https:\/\/floridafamilybenefit.com\/es\/florida-medicare-parte-a\/","title":{"rendered":"Seguro Hospitalario de la Parte A de Medicare"},"content":{"rendered":"\n<p style=\"\">\u00bfNecesita ayuda con QMB?Comun\u00edquese con un agente autorizado en FloridaLlame al <a href=\"tel:18556822317\" target=\"_blank\" style=\"outline: none;\" rel=\"noopener\">855-682-2317<\/a>English <a href=\"tel:18889975204\" style=\"outline: none;\">888-997-5204<\/a><\/p>\n<p> <a href=\"\" style=\"\"><span style=\"\">    <\/span> <span style=\"\"><span style=\"\"><strong>PREGUNTE POR CORREO ELECTR\u00d3NICO<\/strong><\/span><\/span> <\/a>  <\/p>\n<h1 style=\"text-align: center;\">Parte A De Original Medicare<\/h1>\n<h2 style=\"font-size: 28px !important;\">\u00bfQu\u00e9 cubre la Parte A de Medicare?<\/h2>\n<p style=\"color: rgb(27, 27, 27) !important; --tcb-applied-color:rgb(27, 27, 27)                    !important; letter-spacing: 1px; font-size: 22px !important;\">La Parte A de Medicare es un seguro hospitalario. Cubre la atenci\u00f3n hospitalaria de pacientes internados, pruebas de laboratorio, cirug\u00eda, atenci\u00f3n m\u00e9dica en el hogar, centros de enfermer\u00eda especializada y cuidados paliativos.La Parte A tiene <a href=\"https:\/\/floridafamilybenefit.com\/es\/sanciones-por-inscripcion-tardia\/\" target=\"_blank\" style=\"outline: none;\" rel=\"noopener\">multas por inscripci\u00f3n tard\u00eda<\/a> si no se inscribe a tiempo.<\/p>\n<p><span><img decoding=\"async\" alt=\"Medicare Hospital Doctors\" data-id=\"868\" data-init-width=\"2560\" data-init-height=\"1847\" title=\"Medicare Hospital Doctors\" data-src=\"https:\/\/floridafamilybenefit.com\/wp-content\/uploads\/2021\/03\/medicare-hospital-part-a-scaled.jpg\" data-width=\"540\" data-height=\"390\" width=\"540\" height=\"390\" src=\"data:image\/gif;base64,R0lGODlhAQABAAAAACH5BAEKAAEALAAAAAABAAEAAAICTAEAOw==\" class=\"lazyload\" style=\"--smush-placeholder-width: 540px; --smush-placeholder-aspect-ratio: 540\/390;\"><\/span><\/p>\n<h2 style=\"font-size: 28px !important;\">Elegibilidad de la Parte A de Medicare<\/h2>\n<p style=\"color: rgb(27, 27, 27) !important; --tcb-applied-color:rgb(27, 27, 27)           !important; font-size: 22px !important;\">Para poder ser elegible para Medicare, debe cumplir 65 a\u00f1os y\/o tener ciertas discapacidades. Si ya recibe Seguro Social, cuando cumpla 65 a\u00f1os comenzar\u00e1 autom\u00e1ticamente la Parte A de Original Medicare. Para discapacidades, puede encontrar la lista completa en el sitio web del Seguro Social <a href=\"https:\/\/www.ssa.gov\/disability\/professionals\/bluebook\/AdultListings.htm\" target=\"_blank\" rel=\"noopener\">aqu\u00ed<\/a>. Calificar\u00e1 para Medicare despu\u00e9s de recibir los beneficios por discapacidad del Seguro Social durante 24 meses. ALS (Esclerosis Lateral Amiotr\u00f3fica) o ESRD (Enfermedad Renal en Etapa Terminal) lo calificar\u00e1n m\u00e1s r\u00e1pido.<\/p>\n<h2 style=\"font-size: 28px !important;\">\u00bfCu\u00e1nto Cuesta La Parte A De Medicare?<\/h2>\n<p style=\"color: rgb(27, 27, 27) !important; --tcb-applied-color:rgb(27, 27, 27)           !important; font-size: 22px !important;\">El costo de la Parte A de Medicare puede variar. La mayor\u00eda de las personas no necesitar\u00e1n pagar una prima por la Parte A. Para tener la Parte A sin prima, usted haber trabajado 40 trimestres en los que pag\u00f3 impuestos FICA.&nbsp;<\/p>\n<h2 style=\"font-size: 28px !important;\">Deducible De La Parte A De Medicare 2021<\/h2>\n<p style=\"color: rgb(27, 27, 27) !important; --tcb-applied-color:rgb(27, 27, 27)               !important;\">El deducible para el a\u00f1o 2021 fue de $1,484, si es admitido por el hospital. Eso es para los primeros 60 d\u00edas. Para los d\u00edas 61 a 90, habr\u00e1 un monto de co-seguro de $371 diarios, $742 por cada d\u00eda despu\u00e9s de ese per\u00edodo.Si se us\u00f3 para un centro de enfermer\u00eda especializada en 2021, el pago de co-seguro fue de $185.50 por d\u00eda durante los d\u00edas 21 a 100.<\/p>\n<h2 style=\"font-size: 28px !important;\">\u00bfExiste Una Multa Por Inscripci\u00f3n Tard\u00eda En La Parte A?<\/h2>\n<p style=\"color: rgb(27, 27, 27) !important; --tcb-applied-color:rgb(27, 27, 27)            !important;\">La mayor\u00eda de las personas no tendr\u00e1n que pagar nada por la Parte A. Si no califica para la Parte A con una prima de $0 y no inicia con Medicare cuando es elegible por primera vez, la multa ser\u00e1 del 10% de la prima. La multa del 10% durar\u00e1 el doble del tiempo que era elegible y no se inscribi\u00f3. Consulte este enlace para ver todas <a href=\"https:\/\/floridafamilybenefit.com\/es\/sanciones-por-inscripcion-tardia\/\" target=\"_blank\" rel=\"noopener\">las multas por inscripci\u00f3n tard\u00eda<\/a>.&nbsp;<\/p>\n","protected":false},"excerpt":{"rendered":"<p>\u00bfNecesita ayuda con QMB?Comun\u00edquese con un agente autorizado en FloridaLlame al 855-682-2317English 888-997-5204 PREGUNTE POR CORREO ELECTR\u00d3NICO Parte A De Original Medicare \u00bfQu\u00e9 cubre la Parte A de Medicare? La Parte A de Medicare es un seguro hospitalario. Cubre la atenci\u00f3n hospitalaria de pacientes internados, pruebas de laboratorio, cirug\u00eda, atenci\u00f3n m\u00e9dica en el hogar, centros [&hellip;]<\/p>\n","protected":false},"author":1,"featured_media":0,"parent":0,"menu_order":0,"comment_status":"closed","ping_status":"closed","template":"","meta":{"footnotes":""},"class_list":["post-2171","page","type-page","status-publish","hentry","post-wrapper","thrv_wrapper"],"_links":{"self":[{"href":"https:\/\/floridafamilybenefit.com\/es\/wp-json\/wp\/v2\/pages\/2171","targetHints":{"allow":["GET"]}}],"collection":[{"href":"https:\/\/floridafamilybenefit.com\/es\/wp-json\/wp\/v2\/pages"}],"about":[{"href":"https:\/\/floridafamilybenefit.com\/es\/wp-json\/wp\/v2\/types\/page"}],"author":[{"embeddable":true,"href":"https:\/\/floridafamilybenefit.com\/es\/wp-json\/wp\/v2\/users\/1"}],"replies":[{"embeddable":true,"href":"https:\/\/floridafamilybenefit.com\/es\/wp-json\/wp\/v2\/comments?post=2171"}],"version-history":[{"count":6,"href":"https:\/\/floridafamilybenefit.com\/es\/wp-json\/wp\/v2\/pages\/2171\/revisions"}],"predecessor-version":[{"id":2193,"href":"https:\/\/floridafamilybenefit.com\/es\/wp-json\/wp\/v2\/pages\/2171\/revisions\/2193"}],"wp:attachment":[{"href":"https:\/\/floridafamilybenefit.com\/es\/wp-json\/wp\/v2\/media?parent=2171"}],"curies":[{"name":"wp","href":"https:\/\/api.w.org\/{rel}","templated":true}]}}