{"id":2166,"date":"2020-12-08T13:36:01","date_gmt":"2020-12-08T17:36:01","guid":{"rendered":"https:\/\/floridafamilybenefit.com\/seguro-medico-de-la-parte-b-de-medicare-en-florida\/"},"modified":"2023-06-06T19:56:30","modified_gmt":"2023-06-06T23:56:30","slug":"medicare-parte-b","status":"publish","type":"page","link":"https:\/\/floridafamilybenefit.com\/es\/medicare-parte-b\/","title":{"rendered":"Seguro M\u00e9dico de la Parte B de Medicare en Florida"},"content":{"rendered":"\n<p style=\"\">\u00bfNecesita ayuda con QMB?Comun\u00edquese con un agente autorizado en FloridaLlame al <a href=\"tel:18556822317\" target=\"_blank\" style=\"outline: none;\" rel=\"noopener\">855-682-2317<\/a>English <a href=\"tel:18889975204\" style=\"outline: none;\">888-997-5204<\/a><\/p>\n<p> <a href=\"\" style=\"\"><span style=\"\">    <\/span> <span style=\"\"><span style=\"\"><strong>PREGUNTE POR CORREO ELECTR\u00d3NICO<\/strong><\/span><\/span> <\/a>  <\/p>\n<h1 style=\"text-align: center;\">Parte B de Original Medicare<\/h1>\n<h2 style=\"font-size: 28px !important;\">\u00bfQu\u00e9 Cubre La Parte B De Medicare?<\/h2>\n<p style=\"color: rgb(27, 27, 27) !important; --tcb-applied-color:rgb(27, 27, 27)                    !important; letter-spacing: 1px; font-size: 22px !important;\">La Parte B cubre el seguro m\u00e9dico, como visitas al m\u00e9dico, servicios ambulatorios, ambulancia y equipo m\u00e9dico duradero.<\/p>\n<h2 style=\"font-size: 28px !important;\">Elegibilidad De La Parte B De Medicare<\/h2>\n<p style=\"color: rgb(27, 27, 27) !important; --tcb-applied-color:rgb(27, 27, 27)           !important; font-size: 22px !important;\">Debe tener 65 a\u00f1os y ser ciudadano estadounidense o residente permanente. Tambi\u00e9n debe ser elegible y estar inscrito en la Parte A.<\/p>\n<h2 style=\"font-size: 28px !important;\">\u00bfTengo Que Solicitar La Parte B De Medicare?<\/h2>\n<p style=\"color: rgb(27, 27, 27) !important; --tcb-applied-color:rgb(27, 27, 27)            !important;\">A veces si, a veces no. Obtendr\u00e1 la inscripci\u00f3n autom\u00e1tica en la Parte B de Medicare si est\u00e1 recibiendo Seguro Social o Discapacidad por Jubilaci\u00f3n Ferroviaria durante 24 meses. La mayor\u00eda de las personas deber\u00e1n solicitar la Parte B de Medicare. Si no est\u00e1 seguro, por favor ll\u00e1menos para obtener ayuda.<\/p>\n<h2 style=\"font-size: 28px !important;\">\u00bfNecesito La Parte B De Medicare Si Tengo Otro Seguro?<\/h2>\n<p style=\"color: rgb(27, 27, 27) !important; --tcb-applied-color:rgb(27, 27, 27)            !important;\">Tal vez. Tal vez no. Esta es una pregunta dif\u00edcil y depender\u00e1 de cu\u00e1l sea la otra cobertura. Si est\u00e1 cubierto por un empleador con menos de 20 empleados, por lo general debe inscribirse en la Parte B cuando sea elegible por primera vez. Si tiene cobertura grupal de un empleador con m\u00e1s de 20 empleados (usted o su c\u00f3nyuge), es posible que pueda retrasar las Partes A y B de Medicare sin multas. Por favor ll\u00e1manos si tiene preguntas.<\/p>\n<h2 style=\"font-size: 28px !important;\">Costo De La Parte B De Medicare<\/h2>\n<p style=\"color: rgb(27, 27, 27) !important; --tcb-applied-color:rgb(27, 27, 27)              !important;\">La prima de la Parte B de Medicare para 2021 fue de $148.50\/mes, si sus ingresos son menos de 88,000\/a\u00f1o. Si gana m\u00e1s de $88,000 al a\u00f1o, pagar\u00e1 m\u00e1s.<\/p>\n<h2 style=\"font-size: 28px !important;\">Ayuda Para Pagar Las Primas De La Parte B De Medicare<\/h2>\n<p style=\"color: rgb(27, 27, 27) !important; --tcb-applied-color:rgb(27, 27, 27)            !important;\">Los beneficiarios de Florida con ingresos m\u00e1s bajos pueden obtener ayuda para pagar las primas de la Parte B. Estos programas se denominan Qualified Individual Program (Programa Individual Calificado &#8211; QI), Specified Low-Income Beneficiary (Beneficiario Espec\u00edfico de Bajos Ingresos &#8211; SLMB) y Qualified Medicare Beneficiary (Beneficiario Calificado de Medicare &#8211; QMB). Si est\u00e1 cubierto por QMB, Medicaid pagar\u00e1 sus primas y co-pagos. Consulte nuestra p\u00e1gina sobre <a href=\"https:\/\/floridafamilybenefit.com\/medicare-savings-programs-in-florida\/\" target=\"_blank\" rel=\"noopener\">Programas de Ahorros de Medicare<\/a>.<\/p>\n<h2 style=\"font-size: 28px !important;\">\u00bfPuedo Obtener La Parte B De Medicare Gratis?<\/h2>\n<p style=\"color: rgb(27, 27, 27) !important; --tcb-applied-color:rgb(27, 27, 27)           !important; font-size: 22px !important;\">A veces s\u00ed. Medicaid puede pagar sus primas de la Parte B si califica. En otras ocasiones, un plan de la Parte C de Medicare puede devolver dinero a su Seguro Social. Lo llaman \u00abRecompra de la Parte B\u00bb o \u00abReembolso de la Parte B\u00bb y tendremos que ver si esos planes est\u00e1n disponibles en su c\u00f3digo postal.<\/p>\n<h2 style=\"font-size: 28px !important;\">Deducible de la Parte B de Medicare 2021<\/h2>\n<p style=\"color: rgb(27, 27, 27) !important; --tcb-applied-color:rgb(27, 27, 27)           !important; font-size: 22px !important;\">El deducible de 2021 fue de $203. Sin embargo, si est\u00e1 inscrito en un Plan Medicare Advantage (Parte C), es posible que tenga deducibles de cero d\u00f3lares para muchos servicios.<\/p>\n<h2 style=\"font-size: 28px !important;\">Sanciones De La Parte B De Medicare<\/h2>\n<p style=\"color: rgb(27, 27, 27) !important; --tcb-applied-color:rgb(27, 27, 27)            !important;\">Si no se inscribe en la Parte B de Medicare cuando es elegible, pagar\u00e1 multas de por vida. La multa es un aumento del 10 % en la prima por cada 12 meses en los que fue elegible y no se inscribi\u00f3. Haga clic en este enlace para ver m\u00e1s detalles sobre las <a href=\"https:\/\/floridafamilybenefit.com\/es\/sanciones-por-inscripcion-tardia\/\" target=\"_blank\" rel=\"noopener\">sanciones de Medicare<\/a>.<\/p>\n","protected":false},"excerpt":{"rendered":"<p>\u00bfNecesita ayuda con QMB?Comun\u00edquese con un agente autorizado en FloridaLlame al 855-682-2317English 888-997-5204 PREGUNTE POR CORREO ELECTR\u00d3NICO Parte B de Original Medicare \u00bfQu\u00e9 Cubre La Parte B De Medicare? La Parte B cubre el seguro m\u00e9dico, como visitas al m\u00e9dico, servicios ambulatorios, ambulancia y equipo m\u00e9dico duradero. Elegibilidad De La Parte B De Medicare Debe [&hellip;]<\/p>\n","protected":false},"author":1,"featured_media":0,"parent":0,"menu_order":0,"comment_status":"closed","ping_status":"closed","template":"","meta":{"footnotes":""},"class_list":["post-2166","page","type-page","status-publish","hentry","post-wrapper","thrv_wrapper"],"_links":{"self":[{"href":"https:\/\/floridafamilybenefit.com\/es\/wp-json\/wp\/v2\/pages\/2166","targetHints":{"allow":["GET"]}}],"collection":[{"href":"https:\/\/floridafamilybenefit.com\/es\/wp-json\/wp\/v2\/pages"}],"about":[{"href":"https:\/\/floridafamilybenefit.com\/es\/wp-json\/wp\/v2\/types\/page"}],"author":[{"embeddable":true,"href":"https:\/\/floridafamilybenefit.com\/es\/wp-json\/wp\/v2\/users\/1"}],"replies":[{"embeddable":true,"href":"https:\/\/floridafamilybenefit.com\/es\/wp-json\/wp\/v2\/comments?post=2166"}],"version-history":[{"count":6,"href":"https:\/\/floridafamilybenefit.com\/es\/wp-json\/wp\/v2\/pages\/2166\/revisions"}],"predecessor-version":[{"id":2194,"href":"https:\/\/floridafamilybenefit.com\/es\/wp-json\/wp\/v2\/pages\/2166\/revisions\/2194"}],"wp:attachment":[{"href":"https:\/\/floridafamilybenefit.com\/es\/wp-json\/wp\/v2\/media?parent=2166"}],"curies":[{"name":"wp","href":"https:\/\/api.w.org\/{rel}","templated":true}]}}