{"id":2159,"date":"2020-12-08T13:44:17","date_gmt":"2020-12-08T17:44:17","guid":{"rendered":"https:\/\/floridafamilybenefit.com\/florida-medicare-parte-c-planes-advantage\/"},"modified":"2023-08-31T09:00:51","modified_gmt":"2023-08-31T13:00:51","slug":"medicare-parte-c","status":"publish","type":"page","link":"https:\/\/floridafamilybenefit.com\/es\/medicare-parte-c\/","title":{"rendered":"Florida Medicare Parte C \u2013 Planes Advantage"},"content":{"rendered":"\n<p style=\"\">\u00bfNecesita ayuda con QMB?Comun\u00edquese con un agente autorizado en FloridaLlame al <a href=\"tel:18556822317\" target=\"_blank\" style=\"outline: none;\" rel=\"noopener\">855-682-2317<\/a>English <a href=\"tel:18889975204\" style=\"outline: none;\">888-997-5204<\/a><\/p>\n<p> <a href=\"\" style=\"\"><span style=\"\">    <\/span> <span style=\"\"><span style=\"\"><strong>PREGUNTE POR CORREO ELECTR\u00d3NICO<\/strong><\/span><\/span> <\/a>  <\/p>\n<h1 style=\"text-align: center;\">Planes Medicare Advantage De Florida<\/h1>\n<h2 style=\"font-size: 28px !important;\">Florida Medicare Parte C<\/h2>\n<p style=\"letter-spacing: 1px;\">A menudo nos referimos a las Partes A y B de Medicare como \u00abOriginal Medicare\u00bb. La Parte C de Medicare a menudo se llama \u00abMedicare Advantage\u00bb. Estos planes son administrados por compa\u00f1\u00edas privadas de atenci\u00f3n m\u00e9dica y muchas veces, cubren servicios que Original Medicare NO cubre. En ocasiones, los planes de la Parte C de Medicare tambi\u00e9n cubren los medicamentos recetados.&nbsp;<\/p>\n<p><span><img decoding=\"async\" alt=\"Florida\" data-id=\"921\" data-init-width=\"400\" data-init-height=\"359\" title=\"Florida\" data-src=\"https:\/\/floridafamilybenefit.com\/wp-content\/uploads\/2021\/03\/florida.png\" data-width=\"400\" data-height=\"359\" width=\"400\" height=\"359\" style=\"--smush-placeholder-width: 400px; --smush-placeholder-aspect-ratio: 400\/359;aspect-ratio: auto 400 \/ 359;\" src=\"data:image\/gif;base64,R0lGODlhAQABAAAAACH5BAEKAAEALAAAAAABAAEAAAICTAEAOw==\" class=\"lazyload\"><\/span><\/p>\n<h2 style=\"font-size: 28px !important;\">\u00bfQu\u00e9 Cubre La Parte C De Medicare?<\/h2>\n<p style=\"color: rgb(27, 27, 27) !important; --tcb-applied-color:rgb(27, 27, 27)            !important;\"><span style=\"color: var(--tcb-skin-color-5);\">Estos planes reemplazan la Parte A y la Parte B, por lo que cubren tanto el hospital como la atenci\u00f3n primaria. Muchos planes cuentan con&nbsp;<\/span><a href=\"https:\/\/floridafamilybenefit.com\/es\/medicare-parte-d\/\" target=\"_blank\" style=\"outline: none;\" rel=\"noopener\"><span style=\"color: var(--tcb-skin-color-5);\">\u201cPrescription drug benefits\u201d o beneficios por medicamentos recetados<\/span><\/a><span style=\"color: var(--tcb-skin-color-5);\"> y los llamamos Planes MAPD.<\/span><\/p>\n<h2 style=\"font-size: 28px !important;\">Requisitos De Elegibilidad De La Parte C De Medicare<\/h2>\n<p style=\"color: rgb(27, 27, 27) !important; --tcb-applied-color:rgb(27, 27, 27)           !important; font-size: 22px !important;\">Para ser elegible para la Parte C de Medicare, ya debe estar inscrito en las Partes A y B de Medicare.<\/p>\n<h2 style=\"font-size: 28px !important;\">Costo De La Parte C De Medicare De Florida<\/h2>\n<p style=\"color: rgb(27, 27, 27) !important; --tcb-applied-color:rgb(27, 27, 27)            !important;\">El costo de la Parte C de Medicare depender\u00e1 de varios factores. Las compa\u00f1\u00edas y las ofertas de planes son diferentes en cada condado. Entonces, \u00bfcu\u00e1nto cuesta la Parte C de Medicare al mes? Tendremos que ver su situaci\u00f3n espec\u00edfica. A algunos beneficiarios se les devuelve dinero de la Seguridad Social todos los meses, por lo que algunos planes de la Parte C le pagar\u00e1n a usted en su lugar. Tambi\u00e9n hay varios <a href=\"https:\/\/floridafamilybenefit.com\/medicare-savings-pprograms-in-florida\/\" target=\"_blank\" style=\"outline: none;\" rel=\"noopener\">Programas de Ahorros de Florida Medicare<\/a>.<\/p>\n<h2 style=\"font-size: 28px !important;\">C\u00d3MO SOLICITAR MEDICARE PARTE C<\/h2>\n<p style=\"color: rgb(27, 27, 27) !important; --tcb-applied-color:rgb(27, 27, 27)            !important;\"><span style=\"--tcb-applied-color: var$(--tcb-skin-color-0) !important; color: var(--tcb-skin-color-0); text-decoration: underline;\"><span class=\"tve-leads-two-step-trigger tl-2step-trigger-2200\">Cont\u00e1ctenos<\/span><\/span>. Podremos decirle qu\u00e9 planes est\u00e1n disponibles para usted y tambi\u00e9n lo ayudaremos a presentar su solicitud. Este es un servicio gratuito para ayudar con Florida Medicare Parte C.<\/p>\n","protected":false},"excerpt":{"rendered":"<p>\u00bfNecesita ayuda con QMB?Comun\u00edquese con un agente autorizado en FloridaLlame al 855-682-2317English 888-997-5204 PREGUNTE POR CORREO ELECTR\u00d3NICO Planes Medicare Advantage De Florida Florida Medicare Parte C A menudo nos referimos a las Partes A y B de Medicare como \u00abOriginal Medicare\u00bb. La Parte C de Medicare a menudo se llama \u00abMedicare Advantage\u00bb. Estos planes son [&hellip;]<\/p>\n","protected":false},"author":1,"featured_media":0,"parent":0,"menu_order":0,"comment_status":"closed","ping_status":"closed","template":"","meta":{"footnotes":""},"class_list":["post-2159","page","type-page","status-publish","hentry","post-wrapper","thrv_wrapper"],"_links":{"self":[{"href":"https:\/\/floridafamilybenefit.com\/es\/wp-json\/wp\/v2\/pages\/2159","targetHints":{"allow":["GET"]}}],"collection":[{"href":"https:\/\/floridafamilybenefit.com\/es\/wp-json\/wp\/v2\/pages"}],"about":[{"href":"https:\/\/floridafamilybenefit.com\/es\/wp-json\/wp\/v2\/types\/page"}],"author":[{"embeddable":true,"href":"https:\/\/floridafamilybenefit.com\/es\/wp-json\/wp\/v2\/users\/1"}],"replies":[{"embeddable":true,"href":"https:\/\/floridafamilybenefit.com\/es\/wp-json\/wp\/v2\/comments?post=2159"}],"version-history":[{"count":11,"href":"https:\/\/floridafamilybenefit.com\/es\/wp-json\/wp\/v2\/pages\/2159\/revisions"}],"predecessor-version":[{"id":2295,"href":"https:\/\/floridafamilybenefit.com\/es\/wp-json\/wp\/v2\/pages\/2159\/revisions\/2295"}],"wp:attachment":[{"href":"https:\/\/floridafamilybenefit.com\/es\/wp-json\/wp\/v2\/media?parent=2159"}],"curies":[{"name":"wp","href":"https:\/\/api.w.org\/{rel}","templated":true}]}}