{"id":2152,"date":"2020-12-08T13:49:11","date_gmt":"2020-12-08T17:49:11","guid":{"rendered":"https:\/\/floridafamilybenefit.com\/planes-de-medicamentos-recetados-parte-d\/"},"modified":"2023-06-12T12:52:31","modified_gmt":"2023-06-12T16:52:31","slug":"medicare-parte-d","status":"publish","type":"page","link":"https:\/\/floridafamilybenefit.com\/es\/medicare-parte-d\/","title":{"rendered":"Planes de Medicamentos Recetados Parte D"},"content":{"rendered":"\n<p style=\"\">\u00bfNecesita ayuda con QMB?Comun\u00edquese con un agente autorizado en FloridaLlame al <a href=\"tel:18556822317\" target=\"_blank\" style=\"outline: none;\" rel=\"noopener\">855-682-2317<\/a>English <a href=\"tel:18889975204\" style=\"outline: none;\">888-997-5204<\/a><\/p>\n<p> <a href=\"\" style=\"\"><span style=\"\">    <\/span> <span style=\"\"><span style=\"\"><strong>PREGUNTE POR CORREO ELECTR\u00d3NICO<\/strong><\/span><\/span> <\/a>  <\/p>\n<h1 style=\"text-align: center;\">Florida Medicare Parte D &#8211; Planes De Medicamentos Recetados<\/h1>\n<h2 style=\"font-size: 28px !important;\">\u00bfQU\u00c9 ES LA PARTE D DE MEDICARE?<\/h2>\n<p style=\"color: rgb(27, 27, 27) !important; --tcb-applied-color:rgb(27, 27, 27)                     !important; letter-spacing: 1px;\">La Parte D es la cobertura de medicamentos recetados de Medicare. En muchos casos los planes de la Parte C cubrir\u00e1n los medicamentos recetados. Si usted est\u00e1 inscrito en un Plan Medigap (Suplemento de Medicare), entonces por lo general tambi\u00e9n querr\u00e1 un plan separado de la Parte D para cubrir los medicamentos recetados.<\/p>\n<p><span><img decoding=\"async\" alt=\"Florida Part D Prescriptions\" data-id=\"871\" data-init-width=\"540\" data-init-height=\"360\" title=\"Florida Part D Prescriptions\" data-src=\"https:\/\/floridafamilybenefit.com\/wp-content\/uploads\/2021\/03\/florida-part-d-prescriptions.jpg\" data-width=\"540\" data-height=\"360\" width=\"540\" height=\"360\" src=\"data:image\/gif;base64,R0lGODlhAQABAAAAACH5BAEKAAEALAAAAAABAAEAAAICTAEAOw==\" class=\"lazyload\" style=\"--smush-placeholder-width: 540px; --smush-placeholder-aspect-ratio: 540\/360;\"><\/span><\/p>\n<h2 style=\"font-size: 28px !important;\">ELEGIBILIDAD PARA MEDICARE PARTE D<\/h2>\n<p style=\"color: rgb(27, 27, 27) !important; --tcb-applied-color:rgb(27, 27, 27)            !important;\">La elegibilidad para la Parte D de Medicare es la misma que la elegibilidad para la Parte A de Medicare (cerca de los 65 a\u00f1os, o discapacidad).<\/p>\n<h2 style=\"font-size: 28px !important;\">PLANES DE MEDICARE PARTE D 2022-2023 (COMPARACI\u00d3N DE COSTOS DE MEDICARE PARTE D)<\/h2>\n<p style=\"color: rgb(27, 27, 27) !important; --tcb-applied-color:rgb(27, 27, 27)            !important;\">Este es un servicio que ofrecemos. Usamos programas de computadora para verificar los precios de sus recetas existentes y luego comparamos los planes para usted bas\u00e1ndonos en el costo m\u00e1s bajo.<\/p>\n<h2 style=\"font-size: 28px !important;\">MEDICARE PARTE D COSTO<\/h2>\n<p style=\"color: rgb(27, 27, 27) !important; --tcb-applied-color:rgb(27, 27, 27)            !important;\">Los planes independientes de medicamentos recetados suelen conllevar una peque\u00f1a prima mensual, adem\u00e1s de co-pagos y co-seguros. Si est\u00e1 inscrito en un plan Medicare Advantage (Parte C), normalmente sus recetas estar\u00e1n cubiertas a trav\u00e9s de \u00e9ste y es posible que no tenga que pagar primas.<\/p>\n<h2 style=\"font-size: 28px !important;\">\u00bfQU\u00c9 MEDICAMENTOS CUBRE LA PARTE D DE MEDICARE?<\/h2>\n<p style=\"color: rgb(27, 27, 27) !important; --tcb-applied-color:rgb(27, 27, 27)            !important;\">Los medicamentos se dividen en \u00abniveles\u00bb con diferentes coberturas, co-pagos y co-seguros. Las distintas compa\u00f1\u00edas cobran cantidades diferentes, por lo que la respuesta a esta pregunta ser\u00e1 diferente dependiendo de sus recetas en particular. Lo mismo ocurre con los Planes Medicare Advantage (Parte C) que tienen cobertura de medicamentos recetados. (MAPD para Medicare Advantage + Parte D).<\/p>\n<p style=\"color: rgb(27, 27, 27) !important; --tcb-applied-color:rgb(27, 27, 27)            !important;\">Los Planes de Medicamentos Recetados de Medicare Parte D de Florida est\u00e1n obligados a cubrir todos los medicamentos en 6 categor\u00edas protegidasEstas 6 categor\u00edas son:\u00b7 Medicamentos que controlan las convulsiones.&nbsp;\u00b7 Medicamentos para tratar la depresi\u00f3n.&nbsp;\u00b7 Medicamentos que tratan trastornos mentales.&nbsp;\u00b7 Inhibidores m\u00e9dicos de la actividad del sistema inmunitario.&nbsp;\u00b7 Medicamentos que reducen la carga viral del VIH en pacientes seropositivos.&nbsp;\u00b7 Medicamentos que tratan o controlan el c\u00e1ncer.<\/p>\n<p style=\"color: rgb(27, 27, 27) !important; --tcb-applied-color:rgb(27, 27, 27)            !important;\">Cada plan contiene una lista espec\u00edfica de medicamentos conocida como formulario. El formulario incluye los gastos de bolsillo de cada medicamento. Los formularios var\u00edan de un plan a otro. Es necesario seleccionar el plan que mejor se adapte a cada persona. Un formulario comprende los niveles de medicamentos, que var\u00edan en funci\u00f3n del coste de estos.<\/p>\n<p style=\"color: rgb(27, 27, 27) !important; --tcb-applied-color:rgb(27, 27, 27)            !important;\">Los niveles son:&nbsp;\u00b7 Nivel 1: Contiene los medicamentos m\u00e1s baratos que cubre un plan. Se trata de medicamentos gen\u00e9ricos y algunos medicamentos de marca econ\u00f3micos. Un ejemplo de medicamentos del nivel 1 son los medicamentos econ\u00f3micos para tratar infecciones bacterianas.&nbsp;\u00b7 Nivel 2: Incluye medicamentos gen\u00e9ricos y algunos de marca. El Synthroid, un medicamento hormonal sustitutivo, entra en esta categor\u00eda. Este grupo est\u00e1 formado por medicamentos m\u00e1s caros que los del nivel 1.&nbsp;\u00b7 Nivel 3: Incluye medicamentos m\u00e1s caros que los dos primeros niveles. Se trata de medicamentos de marca.&nbsp;\u00b7 Nivel 4: Incluye medicamentos desarrollados recientemente y medicamentos especializados. Algunos ejemplos son los medicamentos no insul\u00ednicos para la diabetes &nbsp;\u00b7 Nivel 5: Incluye medicamentos especializados.Las excepciones de nivel se aplican cuando los gastos son elevados para un paciente. Los gastos elevados se deben a que la enfermedad del paciente requiere medicamentos caros. Los pagos son m\u00e1s elevados cuando los medicamentos econ\u00f3micos son peligrosos para la situaci\u00f3n en cuesti\u00f3n. Para solicitar excepciones de nivel, siga el proceso de apelaci\u00f3n de la Parte D.Para solicitar una excepci\u00f3n de nivel, es necesario un documento acreditativo del m\u00e9dico que receta. En \u00e9l se explica la ineficacia de los medicamentos de bajo nivel para la situaci\u00f3n espec\u00edfica del paciente. El plan decide durante 72 horas y da una respuesta. Los recursos r\u00e1pidos se aplican a las necesidades que no pueden esperar 72 horas. Cuando el plan aprueba la solicitud, los costes son similares a los de los medicamentos de bajo nivel.Las excepciones de nivel son efectivas durante un a\u00f1o. Al cabo de un a\u00f1o, las excepciones requieren una renovaci\u00f3n. El periodo de renovaci\u00f3n es durante el Periodo De Inscripci\u00f3n Abierta De Oto\u00f1o.<\/p>\n<p style=\"color: rgb(27, 27, 27) !important; --tcb-applied-color:rgb(27, 27, 27)            !important;\">Por favor <span style=\"--tcb-applied-color: var$(--tcb-skin-color-0) !important; color: var(--tcb-skin-color-0); text-decoration: underline;\"><span class=\"tve-leads-two-step-trigger tl-2step-trigger-2200\">Cont\u00e1ctenos<\/span><\/span>\u200b<a href=\"#ThriveBox\" target=\"_blank\" style=\"outline: none;\" rel=\"noopener\"><\/a> con su lista de recetas y podremos mostrarle los precios exactos de los <a href=\"https:\/\/floridafamilybenefit.com\/es\/medicare-parte-c\/\" target=\"_blank\" style=\"outline: none;\" rel=\"noopener\">Planes Medicare Advantage de Florida<\/a> y los Planes de Medicamentos Recetados Parte D de Florida. <\/p>\n<h2 style=\"font-size: 28px !important;\">MULTA DE MEDICARE PARTE D<\/h2>\n<p style=\"color: rgb(27, 27, 27) !important; --tcb-applied-color:rgb(27, 27, 27)            !important;\">Existe una multa por inscripci\u00f3n tard\u00eda para la Parte D de Medicare, y es grande. Si usted no se inscribe en la Parte D cuando es elegible por primera vez (O en un plan de la Parte C que incluya la Parte D), existe una penalidad por inscripci\u00f3n tard\u00eda de por vida. Es el 1% de la \u00abprima de beneficiario base nacional\u00bb por mes. En 2021, eso fue de $33.06.Puede retrasar la inscripci\u00f3n en la Parte D sin penalizaci\u00f3n si tiene una \u00abcobertura acreditable\u00bb a trav\u00e9s de un seguro privado. Eso significa que su cobertura tiene que ser al menos tan buena como la cobertura de la Parte D de Medicare.<\/p>\n","protected":false},"excerpt":{"rendered":"<p>\u00bfNecesita ayuda con QMB?Comun\u00edquese con un agente autorizado en FloridaLlame al 855-682-2317English 888-997-5204 PREGUNTE POR CORREO ELECTR\u00d3NICO Florida Medicare Parte D &#8211; Planes De Medicamentos Recetados \u00bfQU\u00c9 ES LA PARTE D DE MEDICARE? La Parte D es la cobertura de medicamentos recetados de Medicare. En muchos casos los planes de la Parte C cubrir\u00e1n los [&hellip;]<\/p>\n","protected":false},"author":1,"featured_media":0,"parent":0,"menu_order":0,"comment_status":"closed","ping_status":"closed","template":"","meta":{"footnotes":""},"class_list":["post-2152","page","type-page","status-publish","hentry","post-wrapper","thrv_wrapper"],"_links":{"self":[{"href":"https:\/\/floridafamilybenefit.com\/es\/wp-json\/wp\/v2\/pages\/2152","targetHints":{"allow":["GET"]}}],"collection":[{"href":"https:\/\/floridafamilybenefit.com\/es\/wp-json\/wp\/v2\/pages"}],"about":[{"href":"https:\/\/floridafamilybenefit.com\/es\/wp-json\/wp\/v2\/types\/page"}],"author":[{"embeddable":true,"href":"https:\/\/floridafamilybenefit.com\/es\/wp-json\/wp\/v2\/users\/1"}],"replies":[{"embeddable":true,"href":"https:\/\/floridafamilybenefit.com\/es\/wp-json\/wp\/v2\/comments?post=2152"}],"version-history":[{"count":7,"href":"https:\/\/floridafamilybenefit.com\/es\/wp-json\/wp\/v2\/pages\/2152\/revisions"}],"predecessor-version":[{"id":2208,"href":"https:\/\/floridafamilybenefit.com\/es\/wp-json\/wp\/v2\/pages\/2152\/revisions\/2208"}],"wp:attachment":[{"href":"https:\/\/floridafamilybenefit.com\/es\/wp-json\/wp\/v2\/media?parent=2152"}],"curies":[{"name":"wp","href":"https:\/\/api.w.org\/{rel}","templated":true}]}}