{"id":2139,"date":"2020-12-23T19:01:52","date_gmt":"2020-12-23T23:01:52","guid":{"rendered":"https:\/\/floridafamilybenefit.com\/planes-de-suplemento-de-medicare-en-florida\/"},"modified":"2023-06-06T19:58:54","modified_gmt":"2023-06-06T23:58:54","slug":"planes-de-suplemento-de-medicare-en-florida","status":"publish","type":"page","link":"https:\/\/floridafamilybenefit.com\/es\/planes-de-suplemento-de-medicare-en-florida\/","title":{"rendered":"Planes de Suplemento de Medicare en Florida"},"content":{"rendered":"\n<p style=\"\">\u00bfNecesita ayuda con QMB?Comun\u00edquese con un agente autorizado en FloridaLlame al <a href=\"tel:18556822317\" target=\"_blank\" style=\"outline: none;\" rel=\"noopener\">855-682-2317<\/a>English <a href=\"tel:18889975204\" style=\"outline: none;\">888-997-5204<\/a><\/p>\n<p> <a href=\"\" style=\"\"><span style=\"\">    <\/span> <span style=\"\"><span style=\"\"><strong>PREGUNTE POR CORREO ELECTR\u00d3NICO<\/strong><\/span><\/span> <\/a>  <\/p>\n<h1 style=\"text-align: center;\">Planes complementarios de Medicare en Florida<\/h1>\n<p><span style=\"\"><img decoding=\"async\" alt=\"laptop-4551026-2\" data-id=\"725\" data-init-width=\"1000\" data-init-height=\"640\" title=\"laptop-4551026-2\" data-src=\"https:\/\/floridafamilybenefit.com\/wp-content\/uploads\/2021\/03\/laptop-4551026-2.jpg\" data-width=\"894\" data-height=\"572\" mt-d=\"-110\" width=\"894\" height=\"572\" src=\"data:image\/gif;base64,R0lGODlhAQABAAAAACH5BAEKAAEALAAAAAABAAEAAAICTAEAOw==\" class=\"lazyload\" style=\"--smush-placeholder-width: 894px; --smush-placeholder-aspect-ratio: 894\/572;\"><\/span><\/p>\n<h2 style=\"font-size: 28px !important;\">\u00bfQU\u00c9 ES UN PLAN COMPLEMENTARIO DE MEDICARE?<\/h2>\n<table>\n<tbody>\n<tr>\n<td><\/td>\n<\/tr>\n<\/tbody>\n<\/table>\n<p style=\"color: rgb(27, 27, 27) !important; --tcb-applied-color:rgb(27, 27, 27)                     !important; letter-spacing: 1px; font-size: 22px !important;\">Lo primero que debe comprender es que los complementos de Medicare son un seguro. Usted paga una cantidad mensual fija y luego su seguro llena los \u00abvac\u00edos\u00bb que Medicare original no cubre. Por esa raz\u00f3n, estos planes tambi\u00e9n son ampliamente conocidos como \u00abPlanes Medigap\u00bb. Estos son ofrecidos por compa\u00f1\u00edas de seguros tradicionales y tambi\u00e9n por compa\u00f1\u00edas de atenci\u00f3n m\u00e9dica. Los beneficios del plan est\u00e1n estandarizados, usted puede ver <a href=\"https:\/\/floridafamilybenefit.com\/florida-medicare-supplement-plan-chart\/\" target=\"_blank\" style=\"outline: none;\" rel=\"noopener\">nuestra tabla comparativa de los planes complementarios de Medicare en Florida para el 2021<\/a>.<\/p>\n<h2 style=\"font-size: 28px !important;\">\u00bfVALEN LA PENA LOS PLANES COMPLEMENTARIOS DE MEDICARE?<\/h2>\n<p style=\"color: rgb(27, 27, 27) !important; --tcb-applied-color:rgb(27, 27, 27)           !important; font-size: 22px !important;\">Eso depende de muchos factores. Ser\u00eda como preguntar si usted necesita un autom\u00f3vil o un cami\u00f3n. El resultado depender\u00e1 de sus necesidades actuales y planes futuros. Cuando cumple 65 a\u00f1os y\/o se inscribe por primera vez en Medicare, estos suplementos son de \u00abemisi\u00f3n garantizada\u00bb; En el mundo de los seguros, eso significa que no puede ser rechazado por su condici\u00f3n de salud. Si est\u00e1 por cumplir los 65 a\u00f1os y tiene problemas de salud o espera usar muchos servicios, entonces los complementos pueden ser una buena opci\u00f3n para usted.&nbsp;<\/p>\n<p style=\"color: rgb(27, 27, 27) !important; --tcb-applied-color:rgb(27, 27, 27)           !important; font-size: 22px !important;\">Si busca complementos despu\u00e9s de su per\u00edodo de inscripci\u00f3n inicial en Medicare, entonces est\u00e1n respaldados m\u00e9dicamente, de manera similar a algunas p\u00f3lizas de seguro de vida. Que a\u00fan podr\u00edan ser un buen negocio para usted, pero su salud actual y pasada ser\u00e1n un factor.<\/p>\n<p style=\"color: rgb(27, 27, 27) !important; --tcb-applied-color:rgb(27, 27, 27)           !important; font-size: 22px !important;\">Los complementos tambi\u00e9n son una buena opci\u00f3n para aquellas personas que viajan y a quienes no les gusta lidiar con los co-seguro y co-pagos. Con un complemento de Medicare, usted pagar\u00e1 una cantidad fija todos los meses.<\/p>\n<p style=\"color: rgb(27, 27, 27) !important; --tcb-applied-color:rgb(27, 27, 27)            !important;\">Los suplementos NO cubren los medicamentos recetados, por lo que a menudo son combinados con un <a href=\"https:\/\/floridafamilybenefit.com\/es\/medicare-parte-d\/\" target=\"_blank\" style=\"outline: none;\" rel=\"noopener\">Plan De Medicamentos Recetados De La Parte D<\/a> para reducir sustancialmente sus costos.<\/p>\n<h2 style=\"font-size: 28px !important;\">PLANES COMPLEMENTARIOS DE MEDICARE EN FLORIDA<\/h2>\n<p style=\"color: rgb(27, 27, 27) !important; --tcb-applied-color:rgb(27, 27, 27)            !important;\">Para ver todos los planes complementarios de Medicare, consulte nuestra <a href=\"https:\/\/floridafamilybenefit.com\/florida-medicare-supplement-plan-chart\/\" target=\"_blank\" style=\"outline: none;\" rel=\"noopener\">Tabla comparativa de planes complementarios de Medicare en Florida<\/a>.<\/p>\n","protected":false},"excerpt":{"rendered":"<p>\u00bfNecesita ayuda con QMB?Comun\u00edquese con un agente autorizado en FloridaLlame al 855-682-2317English 888-997-5204 PREGUNTE POR CORREO ELECTR\u00d3NICO Planes complementarios de Medicare en Florida \u00bfQU\u00c9 ES UN PLAN COMPLEMENTARIO DE MEDICARE? Lo primero que debe comprender es que los complementos de Medicare son un seguro. Usted paga una cantidad mensual fija y luego su seguro llena [&hellip;]<\/p>\n","protected":false},"author":1,"featured_media":0,"parent":0,"menu_order":0,"comment_status":"closed","ping_status":"closed","template":"","meta":{"footnotes":""},"class_list":["post-2139","page","type-page","status-publish","hentry","post-wrapper","thrv_wrapper"],"_links":{"self":[{"href":"https:\/\/floridafamilybenefit.com\/es\/wp-json\/wp\/v2\/pages\/2139","targetHints":{"allow":["GET"]}}],"collection":[{"href":"https:\/\/floridafamilybenefit.com\/es\/wp-json\/wp\/v2\/pages"}],"about":[{"href":"https:\/\/floridafamilybenefit.com\/es\/wp-json\/wp\/v2\/types\/page"}],"author":[{"embeddable":true,"href":"https:\/\/floridafamilybenefit.com\/es\/wp-json\/wp\/v2\/users\/1"}],"replies":[{"embeddable":true,"href":"https:\/\/floridafamilybenefit.com\/es\/wp-json\/wp\/v2\/comments?post=2139"}],"version-history":[{"count":7,"href":"https:\/\/floridafamilybenefit.com\/es\/wp-json\/wp\/v2\/pages\/2139\/revisions"}],"predecessor-version":[{"id":2198,"href":"https:\/\/floridafamilybenefit.com\/es\/wp-json\/wp\/v2\/pages\/2139\/revisions\/2198"}],"wp:attachment":[{"href":"https:\/\/floridafamilybenefit.com\/es\/wp-json\/wp\/v2\/media?parent=2139"}],"curies":[{"name":"wp","href":"https:\/\/api.w.org\/{rel}","templated":true}]}}