{"id":2119,"date":"2020-07-19T17:16:36","date_gmt":"2020-07-19T21:16:36","guid":{"rendered":"https:\/\/floridafamilybenefit.com\/independent-medicare-agents-florida-family-benefit\/"},"modified":"2023-08-30T20:32:33","modified_gmt":"2023-08-31T00:32:33","slug":"agentes-independientes-de-medicare","status":"publish","type":"page","link":"https:\/\/floridafamilybenefit.com\/es\/","title":{"rendered":"Agentes Independientes de Medicare"},"content":{"rendered":"\n<p style=\"\">\u00bfNecesita ayuda con QMB?Comun\u00edquese con un agente autorizado en FloridaLlame al <a href=\"tel:18556822317\" target=\"_blank\" style=\"outline: none;\" rel=\"noopener\">855-682-2317<\/a>English <a href=\"tel:18889975204\" style=\"outline: none;\">888-997-5204<\/a><\/p>\n<p> <a href=\"\" style=\"\"><span style=\"\">    <\/span> <span style=\"\"><span style=\"\"><strong>PREGUNTE POR CORREO ELECTR\u00d3NICO<\/strong><\/span><\/span> <\/a>  <\/p>\n<h1 style=\"text-align: center;\">Planes y Complementos de Medicare Advantage en Florida<\/h1>\n<p style=\"font-size: 20px !important;\">Medicare<\/p>\n<h2 style=\"\">\u00bfCUMPLES 65 A\u00d1OS? AHORA ES EL MOMENTO DE MEDICARE<\/h2>\n<p>Si usted est\u00e1 dentro de los 3 meses posteriores a su cumplea\u00f1os n\u00famero 65, es un candidato elegible para inscribirse en Medicare. No registrarse a tiempo puede resultar en sanciones significativas. La <a href=\"https:\/\/floridafamilybenefit.com\/florida-medicare-part-a\/\" target=\"_blank\" style=\"outline: none;\" rel=\"noopener\">Parte A de Medicare<\/a> es un seguro hospitalario. La <a href=\"https:\/\/floridafamilybenefit.com\/medicare-part-b\/\" target=\"_blank\" style=\"outline: none;\" rel=\"noopener\">Parte B de Medicare<\/a> es un seguro m\u00e9dico. La <a href=\"https:\/\/floridafamilybenefit.com\/medicare-part-d\/\" target=\"_blank\" style=\"outline: none;\" rel=\"noopener\">Parte D de Medicare<\/a> es para cobertura de medicamentos recetados. Las personas m\u00e1s j\u00f3venes con discapacidades y ciertas condiciones m\u00e9dicas; como patolog\u00edas renales en etapa terminal; tambi\u00e9n son elegibles. Estamos autorizados por el estado de Florida para ayudarlo con todas las opciones de Medicare.<\/p>\n<p style=\"font-size: 20px !important;\">PLANES ADVANTAGE DE MEDICARE<\/p>\n<h2 style=\"\">LAS OPCIONES DEL PLAN DEPENDEN DE SU CONDADO Y CIRCUNSTANCIAS<\/h2>\n<p style=\"\"><a href=\"https:\/\/floridafamilybenefit.com\/medicare-part-c\/\" target=\"_blank\" style=\"outline: none;\" rel=\"noopener\">Los Planes Medicare Advantage<\/a> est\u00e1n a cargo de compa\u00f1\u00edas privadas de seguros m\u00e9dicos y deben cubrir al menos; tanto como el Medicare original. A menudo llamado <a href=\"https:\/\/floridafamilybenefit.com\/medicare-part-c\/\" target=\"_blank\" style=\"outline: none;\" rel=\"noopener\">Parte C de Medicare<\/a>, los nuevos planes comienzan anualmente. Hay muchas reglas sobre cu\u00e1ndo puede inscribirse o cambiar de plan. Nuestros agentes experimentados utilizan un complicado software para ayudarlo a verificar m\u00e9dicos, recetas y costos, para encontrar el plan que se ajuste a sus necesidades.<\/p>\n<p style=\"font-size: 20px !important;\">COMPLEMENTOS DE MEDICARE<\/p>\n<h2 style=\"\">TAMBI\u00c9N LLAMADO MEDIGAP, USTED PUEDE COMPLETAR LA COBERTURA QUE LE FALTA AL MEDICARE ORIGINAL<\/h2>\n<p style=\"\">\n<p style=\"\">Para poder ser elegible para un complemento de Medicare, debe tener derecho a la Parte A de Medicare y estar inscrito en la Parte B de Medicare. <a href=\"https:\/\/floridafamilybenefit.com\/florida-medicare-supplement-plans\/\" target=\"_blank\" rel=\"noopener\">Los planes complementarios de Medicare en Florida<\/a> tienen un costo mensual, y a menudo, son elegidos por beneficiarios a los que les gusta viajar, usar muchos servicios o tambi\u00e9n aquellos que prefieren saber exactamente cu\u00e1les ser\u00e1n sus costos. Con esta opci\u00f3n, puede ser atendido por cualquier profesional m\u00e9dico que acepte Medicare. Los complementos de Medicare no cubren los medicamentos recetados, por lo que a menudo son combinados con un plan independiente para medicamentos recetados (<a href=\"https:\/\/floridafamilybenefit.com\/medicare-part-d\/\" target=\"_blank\" rel=\"noopener\">Medicare Parte D<\/a>).&nbsp;<\/p>\n<p style=\"\">\u00bfC\u00d3MO ELEGIR UN PLAN?<\/p>\n<h2 style=\"\">CONSIGA UN AGENTE DE SEGUROS EN FLORIDA QUE LO ASESORE<\/h2>\n<p style=\"\">Nuestros agentes autorizados lo ayudar\u00e1n a comparar precios de los planes Medicare que funcionar\u00e1n con sus m\u00e9dicos y medicamentos actuales.<\/p>\n<p style=\"\">Tambi\u00e9n lo ayudamos con las fechas importantes para evitar <a href=\"https:\/\/floridafamilybenefit.com\/florida-medicare-late-enrollment-penalty\/\" target=\"_blank\" style=\"outline: none;\" rel=\"noopener\">multas de Medicare<\/a> al obtener su cobertura a tiempo. Adem\u00e1s, usted podr\u00eda ser elegible para per\u00edodos especiales de inscripci\u00f3n, que nosotros estar\u00edamos encantados de verificar. <span class=\"tve-leads-two-step-trigger tl-2step-trigger-2200\"><span style=\"text-decoration: underline; color: var(--tcb-skin-color-0);\">Cont\u00e1ctenos hoy<\/span><\/span> para preguntas y asesor\u00eda.<\/p>\n<p> <span>Insert Lead Generation<\/span> <span>Insert Contact Form<\/span><\/p>\n","protected":false},"excerpt":{"rendered":"<p>\u00bfNecesita ayuda con QMB?Comun\u00edquese con un agente autorizado en FloridaLlame al 855-682-2317English 888-997-5204 PREGUNTE POR CORREO ELECTR\u00d3NICO Planes y Complementos de Medicare Advantage en Florida Medicare \u00bfCUMPLES 65 A\u00d1OS? AHORA ES EL MOMENTO DE MEDICARE Si usted est\u00e1 dentro de los 3 meses posteriores a su cumplea\u00f1os n\u00famero 65, es un candidato elegible para inscribirse [&hellip;]<\/p>\n","protected":false},"author":1,"featured_media":2057,"parent":0,"menu_order":0,"comment_status":"closed","ping_status":"closed","template":"","meta":{"footnotes":""},"class_list":["post-2119","page","type-page","status-publish","has-post-thumbnail","hentry","post-wrapper","thrv_wrapper"],"_links":{"self":[{"href":"https:\/\/floridafamilybenefit.com\/es\/wp-json\/wp\/v2\/pages\/2119","targetHints":{"allow":["GET"]}}],"collection":[{"href":"https:\/\/floridafamilybenefit.com\/es\/wp-json\/wp\/v2\/pages"}],"about":[{"href":"https:\/\/floridafamilybenefit.com\/es\/wp-json\/wp\/v2\/types\/page"}],"author":[{"embeddable":true,"href":"https:\/\/floridafamilybenefit.com\/es\/wp-json\/wp\/v2\/users\/1"}],"replies":[{"embeddable":true,"href":"https:\/\/floridafamilybenefit.com\/es\/wp-json\/wp\/v2\/comments?post=2119"}],"version-history":[{"count":16,"href":"https:\/\/floridafamilybenefit.com\/es\/wp-json\/wp\/v2\/pages\/2119\/revisions"}],"predecessor-version":[{"id":2291,"href":"https:\/\/floridafamilybenefit.com\/es\/wp-json\/wp\/v2\/pages\/2119\/revisions\/2291"}],"wp:featuredmedia":[{"embeddable":true,"href":"https:\/\/floridafamilybenefit.com\/es\/wp-json\/wp\/v2\/media\/2057"}],"wp:attachment":[{"href":"https:\/\/floridafamilybenefit.com\/es\/wp-json\/wp\/v2\/media?parent=2119"}],"curies":[{"name":"wp","href":"https:\/\/api.w.org\/{rel}","templated":true}]}}