{"id":2106,"date":"2020-12-23T18:37:10","date_gmt":"2020-12-23T22:37:10","guid":{"rendered":"https:\/\/floridafamilybenefit.com\/medicare-penalty-for-late-enrollment\/"},"modified":"2023-06-12T12:57:21","modified_gmt":"2023-06-12T16:57:21","slug":"sanciones-por-inscripcion-tardia","status":"publish","type":"page","link":"https:\/\/floridafamilybenefit.com\/es\/sanciones-por-inscripcion-tardia\/","title":{"rendered":"Sanciones por inscripci\u00f3n tard\u00eda"},"content":{"rendered":"\n<p style=\"\">\u00bfNecesita ayuda con QMB?Comun\u00edquese con un agente autorizado en FloridaLlame al <a href=\"tel:18556822317\" target=\"_blank\" style=\"outline: none;\" rel=\"noopener\">855-682-2317<\/a>English <a href=\"tel:18889975204\" style=\"outline: none;\">888-997-5204<\/a><\/p>\n<p> <a href=\"\" style=\"\"><span style=\"\">    <\/span> <span style=\"\"><span style=\"\"><strong>PREGUNTE POR CORREO ELECTR\u00d3NICO<\/strong><\/span><\/span> <\/a>  <\/p>\n<h1 style=\"text-align: center;\">Sanciones por inscripci\u00f3n tard\u00eda en Medicare<\/h1>\n<h2 style=\"font-size: 28px !important;\">\u00bfCu\u00e1les Son Las Sanciones Por Inscripci\u00f3n Tard\u00eda?<\/h2>\n<p style=\"color: rgb(27, 27, 27) !important; --tcb-applied-color:rgb(27, 27, 27)                     !important; letter-spacing: 1px;\">Hay tres multas importantes por la inscripci\u00f3n tard\u00eda en Medicare. Hay diferentes sanciones para la Parte A, la Parte B y la Parte D. Cada una tiene un cronograma y una sanci\u00f3n financiera diferente. Los discutiremos todos a continuaci\u00f3n. Llame al 888-997-5204 o env\u00edenos un <span style=\"text-decoration: underline; color: var(--tcb-skin-color-0);\"><span class=\"tve-leads-two-step-trigger tl-2step-trigger-2200\">correo electr\u00f3nico<\/span><\/span> para obtener ayuda.&nbsp;<\/p>\n<p><span><img decoding=\"async\" alt=\"Late Enrollment Penalties Cost Money\" data-id=\"873\" data-init-width=\"540\" data-init-height=\"466\" title=\"Late Enrollment Penalties Cost Money\" data-src=\"https:\/\/floridafamilybenefit.com\/wp-content\/uploads\/2021\/03\/late-penalties-cost-money.jpg\" data-width=\"540\" data-height=\"466\" width=\"540\" height=\"466\" src=\"data:image\/gif;base64,R0lGODlhAQABAAAAACH5BAEKAAEALAAAAAABAAEAAAICTAEAOw==\" class=\"lazyload\" style=\"--smush-placeholder-width: 540px; --smush-placeholder-aspect-ratio: 540\/466;\"><\/span><\/p>\n<h2 style=\"font-size: 28px !important;\">Multa De La Parte A De Medicare<\/h2>\n<p style=\"color: rgb(27, 27, 27) !important; --tcb-applied-color:rgb(27, 27, 27)           !important; font-size: 22px !important;\">Si no se inscribe en la Parte A de Medicare cuando es elegible por primera vez, su costo puede aumentar en un 10%. La sanci\u00f3n durar\u00e1 el doble de a\u00f1os de los que ten\u00eda derecho y no se inscribi\u00f3. Si tiene recursos limitados, los <a href=\"https:\/\/floridafamilybenefit.com\/medicare-savings-programs-in-florida\/\" target=\"_blank\" style=\"outline: none;\" rel=\"noopener\">Programas de Ahorros de Florida Medicare<\/a> pueden ayudar.<\/p>\n<h2 style=\"\">Multa De La Parte B De Medicare<\/h2>\n<p style=\"color: rgb(27, 27, 27) !important; --tcb-applied-color:rgb(27, 27, 27)              !important; font-size: 22px !important;\">Si no se inscribe en la Parte B cuando es elegible por primera vez, pagar\u00e1 una multa del 10% por cada 12 meses que podr\u00eda haber tenido la Parte B y no la tuvo.<\/p>\n<h2 style=\"\">Excepciones De Sanciones En La Parte B<\/h2>\n<p style=\"color: rgb(27, 27, 27) !important; --tcb-applied-color:rgb(27, 27, 27)              !important;\">Si tiene cobertura acreditable a trav\u00e9s de alguna otra fuente, no estar\u00e1 sujeto a las sanciones de la parte B. Si tiene recursos o ingresos limitados, el estado de Florida puede ayudarlo a pagar su cobertura a trav\u00e9s de varios programas.<\/p>\n<h2 style=\"font-size: 28px !important;\">Multa De La Parte D De Medicare<\/h2>\n<p style=\"color: rgb(27, 27, 27) !important; --tcb-applied-color:rgb(27, 27, 27)           !important; font-size: 22px !important;\">Si pasa 63 d\u00edas seguidos o m\u00e1s sin cobertura de medicamentos recetados a trav\u00e9s de Medicare o alguna otra cobertura de medicamentos \u00abacreditable\u00bb, entonces pagar\u00e1 la multa. Cobertura de medicamentos \u00abacreditable\u00bb significa que su cobertura alternativa (a trav\u00e9s del trabajo, uni\u00f3n o c\u00f3nyuge) debe ser al menos tan buena como la cobertura de Medicare. Tendr\u00e1 que pagar la multa siempre que tenga cobertura de medicamentos recetados de Medicare.&nbsp;<\/p>\n<h2 style=\"font-size: 28px !important;\">\u00bfCu\u00e1nto Es La Multa De La Parte D?<\/h2>\n<p style=\"color: rgb(27, 27, 27) !important; --tcb-applied-color:rgb(27, 27, 27)            !important;\">La multa de la Parte D se calcula multiplicando el 1% por (la cantidad de meses que no tuvo cobertura de la Parte D) y luego se multiplica por la \u00abPrima del Beneficiario Base Nacional\u00bb. El NBBP cambia todos los a\u00f1os, al igual que el c\u00e1lculo de su multa. En 2022, el NBBP fue de $33,37.Por ejemplo, supongamos que perdi\u00f3 su per\u00edodo de inscripci\u00f3n inicial y esper\u00f3 24 meses antes de obtener la cobertura. La multa ser\u00eda 1% * 24 Meses * $33.06 = $8.00. Esto siempre se redondear\u00e1 al $0.10 m\u00e1s cercano, por lo que la multa ser\u00eda de $8.00 por mes en 2022. Cuando el NBBP cambie en 2023, esa multa se volver\u00e1 a calcular.<\/p>\n<h2 style=\"font-size: 28px !important;\">Excepciones A Las Sanciones De La Parte D<\/h2>\n<p style=\"color: rgb(27, 27, 27) !important; --tcb-applied-color:rgb(27, 27, 27)                  !important; font-size: 22px !important;\">Hay 2 excepciones principales. Si recibe \u00abAyuda adicional\u00bb, entonces no pagar\u00e1 la multa. Si retrasa la inscripci\u00f3n en la Parte D porque tiene una cobertura \u00abacreditable\u00bb como se mencion\u00f3 anteriormente, tampoco estar\u00e1 sujeto a las sanciones de la Parte D. Si no est\u00e1 de acuerdo con la sanci\u00f3n, tiene 60 d\u00edas para solicitar una reconsideraci\u00f3n a trav\u00e9s de su plan de medicamentos y, por lo general, obtendr\u00e1 la respuesta dentro de 90 d\u00edas.<\/p>\n<h2 style=\"font-size: 28px !important;\">Cont\u00e1ctenos Para Obtener Ayuda<\/h2>\n<p style=\"color: rgb(27, 27, 27) !important; --tcb-applied-color:rgb(27, 27, 27)                  !important; font-size: 22px !important;\">Sabemos que todas las fechas, sanciones y plazos pueden ser confusos. <span style=\"text-decoration: underline; color: var(--tcb-skin-color-0);\"><span class=\"tve-leads-two-step-trigger tl-2step-trigger-2200\">Cont\u00e1ctenos para obtener ayuda<\/span><\/span><a href=\"#ThriveBox\" target=\"_blank\" style=\"outline: none;\" rel=\"noopener\"><\/a>. Nunca le cobramos por nuestros servicios.&nbsp;<\/p>\n","protected":false},"excerpt":{"rendered":"<p>\u00bfNecesita ayuda con QMB?Comun\u00edquese con un agente autorizado en FloridaLlame al 855-682-2317English 888-997-5204 PREGUNTE POR CORREO ELECTR\u00d3NICO Sanciones por inscripci\u00f3n tard\u00eda en Medicare \u00bfCu\u00e1les Son Las Sanciones Por Inscripci\u00f3n Tard\u00eda? Hay tres multas importantes por la inscripci\u00f3n tard\u00eda en Medicare. Hay diferentes sanciones para la Parte A, la Parte B y la Parte D. Cada [&hellip;]<\/p>\n","protected":false},"author":1,"featured_media":0,"parent":0,"menu_order":0,"comment_status":"closed","ping_status":"closed","template":"","meta":{"footnotes":""},"class_list":["post-2106","page","type-page","status-publish","hentry","post-wrapper","thrv_wrapper"],"_links":{"self":[{"href":"https:\/\/floridafamilybenefit.com\/es\/wp-json\/wp\/v2\/pages\/2106","targetHints":{"allow":["GET"]}}],"collection":[{"href":"https:\/\/floridafamilybenefit.com\/es\/wp-json\/wp\/v2\/pages"}],"about":[{"href":"https:\/\/floridafamilybenefit.com\/es\/wp-json\/wp\/v2\/types\/page"}],"author":[{"embeddable":true,"href":"https:\/\/floridafamilybenefit.com\/es\/wp-json\/wp\/v2\/users\/1"}],"replies":[{"embeddable":true,"href":"https:\/\/floridafamilybenefit.com\/es\/wp-json\/wp\/v2\/comments?post=2106"}],"version-history":[{"count":11,"href":"https:\/\/floridafamilybenefit.com\/es\/wp-json\/wp\/v2\/pages\/2106\/revisions"}],"predecessor-version":[{"id":2210,"href":"https:\/\/floridafamilybenefit.com\/es\/wp-json\/wp\/v2\/pages\/2106\/revisions\/2210"}],"wp:attachment":[{"href":"https:\/\/floridafamilybenefit.com\/es\/wp-json\/wp\/v2\/media?parent=2106"}],"curies":[{"name":"wp","href":"https:\/\/api.w.org\/{rel}","templated":true}]}}