{"id":2089,"date":"2021-11-04T13:10:40","date_gmt":"2021-11-04T17:10:40","guid":{"rendered":"https:\/\/floridafamilybenefit.com\/florida-medicare-turning-65\/"},"modified":"2023-06-06T19:56:36","modified_gmt":"2023-06-06T23:56:36","slug":"cumplir-65-anos-para-florida-medicare","status":"publish","type":"page","link":"https:\/\/floridafamilybenefit.com\/es\/cumplir-65-anos-para-florida-medicare\/","title":{"rendered":"Cumplir 65 a\u00f1os para Florida Medicare"},"content":{"rendered":"\n<p style=\"\">\u00bfNecesita ayuda con QMB?Comun\u00edquese con un agente autorizado en FloridaLlame al <a href=\"tel:18556822317\" target=\"_blank\" style=\"outline: none;\" rel=\"noopener\">855-682-2317<\/a>English <a href=\"tel:18889975204\" style=\"outline: none;\">888-997-5204<\/a><\/p>\n<p> <a href=\"\" style=\"\"><span style=\"\">    <\/span> <span style=\"\"><span style=\"\"><strong>PREGUNTE POR CORREO ELECTR\u00d3NICO<\/strong><\/span><\/span> <\/a>  <\/p>\n<h1>Cumplir 65 a\u00f1os para Florida Medicare<\/h1>\n<h3 style=\"letter-spacing: 1px;\">Hay varias fechas importantes.<\/h3>\n<p style=\"color: rgb(27, 27, 27) !important; --tcb-applied-color:rgb(27, 27, 27)                     !important; letter-spacing: 1px;\">Lo m\u00e1s temprano que puede aplicar es 3 meses antes de su mes de nacimiento. Por ejemplo, si su cumplea\u00f1os es el 15 de julio, puede inscribirse en Medicare el 1 de marzo. Tiene un per\u00edodo de inscripci\u00f3n especial que dura 3 meses calendario antes de su mes de nacimiento y 3 meses calendario despu\u00e9s de su mes de nacimiento. Si se inscribe en los 3 meses posteriores a cumplir 65 a\u00f1os, experimentar\u00e1 demoras en la cobertura, pero no ser\u00e1 responsable de las multas.<\/p>\n<p><span><img decoding=\"async\" alt=\"Cumplir 65 a\u00f1os para Florida Medicare\" data-id=\"2093\" data-init-width=\"1112\" data-init-height=\"610\" title=\"65 a\u00f1osCumplir 65 a\u00f1os para Florida Medicare\" data-src=\"https:\/\/floridafamilybenefit.com\/wp-content\/uploads\/2023\/05\/Captura-de-pantalla-2023-05-29-a-las-23.50.20.png\" data-width=\"569\" width=\"569\" height=\"610\" src=\"data:image\/gif;base64,R0lGODlhAQABAAAAACH5BAEKAAEALAAAAAABAAEAAAICTAEAOw==\" class=\"lazyload\" style=\"--smush-placeholder-width: 569px; --smush-placeholder-aspect-ratio: 569\/610;\"><\/span><span><img decoding=\"async\" alt=\"cobertura 65 a\u00f1os\" data-id=\"2095\" data-init-width=\"908\" data-init-height=\"298\" title=\"cobertura 65 a\u00f1os\" data-src=\"https:\/\/floridafamilybenefit.com\/wp-content\/uploads\/2023\/05\/Captura-de-pantalla-2023-05-29-a-las-23.51.29.png\" data-width=\"433\" width=\"433\" height=\"298\" src=\"data:image\/gif;base64,R0lGODlhAQABAAAAACH5BAEKAAEALAAAAAABAAEAAAICTAEAOw==\" class=\"lazyload\" style=\"--smush-placeholder-width: 433px; --smush-placeholder-aspect-ratio: 433\/298;\"><\/span><\/p>\n<h2 style=\"font-size: 28px !important;\">\u00bfCu\u00e1nto cuesta Medicare a los 65 a\u00f1os?<\/h2>\n<p style=\"\">La Parte A tendr\u00e1 una prima de $0, si ha pagado impuestos FICA durante 40 trimestres, si est\u00e1 discapacitado, tiene una enfermedad renal en etapa terminal u otras condiciones espec\u00edficas. La prima de la Parte B es de $148.50 por mes en 2021, a menos que gane m\u00e1s de cierta cantidad. Hay muchos <a href=\"https:\/\/floridafamilybenefit.com\/medicare-savings-programs-in-florida\/\" target=\"_blank\" style=\"outline: none;\" rel=\"noopener\">Programas de Ahorros de Florida Medicare<\/a> para ayudarlo con sus primas de la Parte B si necesita ayuda. En algunos casos, un plan Parte C Advantage cubrir\u00e1 parte de su prima de la Parte B. Si gana m\u00e1s de ciertas cantidades, pagar\u00e1 un poco m\u00e1s por la cobertura de la Parte B y seguir\u00e1 siendo elegible para los planes complementarios de Medicare y los <a href=\"https:\/\/floridafamilybenefit.com\/es\/medicare-parte-c\/\" target=\"_blank\" style=\"outline: none;\" rel=\"noopener\">Planes Medicare Advantage<\/a> (Parte C).<\/p>\n<h2 style=\"font-size: 28px !important;\">Medicare Original = 20 % de co-seguro<\/h2>\n<p style=\"\">Si permanece con Medicare original, estar\u00e1 sujeto a un co-seguro del 20% para la mayor\u00eda de los servicios cubiertos. Los medicamentos recetados no estar\u00e1n cubiertos a menos que se inscriba en un plan de la Parte C o la Parte D. Puede evitar el co-seguro del 20% con un plan Medicare Advantage (Parte C) o un complemento de Medicare. Para planes complementarios, consulte nuestra <a href=\"https:\/\/floridafamilybenefit.com\/florida-medicare-supplement-plan-chart\/\" target=\"_blank\" style=\"outline: none;\" rel=\"noopener\">Tabla comparativa de complementos Medicare<\/a>. Podemos ayudarlo a inscribirse en Planes Advantage, complementos, o ayudarlo a explorar qu\u00e9 acciones tomar. Llame a nuestra l\u00ednea de ayuda al <a href=\"tel:18889975204\" target=\"_blank\" style=\"outline: none;\" rel=\"noopener\">888-997-5204<\/a>.<\/p>\n<h2 style=\"font-size: 28px !important;\">\u00bfEs obligatorio inscribirse en Medicare a los 65 a\u00f1os?<\/h2>\n<p style=\"\">No. No es obligatorio. Sin embargo, si no se inscribe cuando es elegible por primera vez, es posible que deba pagar <a href=\"https:\/\/floridafamilybenefit.com\/es\/sanciones-por-inscripcion-tardia\/\" target=\"_blank\" style=\"outline: none;\" rel=\"noopener\">importantes multas de Medicare<\/a> cuando se inscriba m\u00e1s adelante. Si tiene otra cobertura como COBRA o ACA (Obamacare), es posible que esa cobertura no pague despu\u00e9s de que sea elegible para Medicare. (Ya sea que se haya registrado o no). Si todav\u00eda est\u00e1 trabajando y tiene cobertura del empleador, eso puede permitirle retrasar la inscripci\u00f3n en Medicare, si su cobertura actual es \u00abacreditable\u00bb, es decir, al menos tan buena como Medicare. Si tiene preguntas sobre sus circunstancias espec\u00edficas, llame a nuestra l\u00ednea de ayuda al <a href=\"tel:18889975204\" target=\"_blank\" style=\"outline: none;\" rel=\"noopener\">888-997-5204<\/a>.<\/p>\n<h2 style=\"font-size: 28px !important;\">\u00bfObtendr\u00e9 autom\u00e1ticamente Medicare cuando cumpla 65 a\u00f1os?<\/h2>\n<p style=\"\">Por lo general, no. Si tiene menos de 65 a\u00f1os y est\u00e1 discapacitado, obtendr\u00e1 Medicare autom\u00e1ticamente despu\u00e9s de recibir 24 meses de beneficios por discapacidad, o si ya est\u00e1 recibiendo beneficios del seguro social. En la mayor\u00eda de los casos, deber\u00e1 registrarse.<\/p>\n<h2 style=\"font-size: 28px !important;\">\u00bfC\u00f3mo me inscribo en Medicare cuando cumpla 65 a\u00f1os?<\/h2>\n<p style=\"\">Se inscribe en Medicare a trav\u00e9s de Federal Social Security Administration (Administraci\u00f3n Federal del Seguro Social). Nuestros agentes de seguros con licencia est\u00e1n aqu\u00ed para ayudarlo con todo el proceso.&nbsp;<a href=\"void(0)\" target=\"_blank\" style=\"outline: none;\" rel=\"noopener\"><\/a>Cont\u00e1ctenos para obtener ayuda gratuita y m\u00e1s informaci\u00f3n, o llame a nuestra l\u00ednea de ayuda al<a href=\"#ThriveBox\" target=\"_blank\" style=\"outline: none;\" rel=\"noopener\"><\/a><a href=\"tel:18889975204\" target=\"_blank\" style=\"outline: none;\" rel=\"noopener\">888-997-5204<\/a>.<\/p>\n","protected":false},"excerpt":{"rendered":"<p>\u00bfNecesita ayuda con QMB?Comun\u00edquese con un agente autorizado en FloridaLlame al 855-682-2317English 888-997-5204 PREGUNTE POR CORREO ELECTR\u00d3NICO Cumplir 65 a\u00f1os para Florida Medicare Hay varias fechas importantes. Lo m\u00e1s temprano que puede aplicar es 3 meses antes de su mes de nacimiento. Por ejemplo, si su cumplea\u00f1os es el 15 de julio, puede inscribirse en [&hellip;]<\/p>\n","protected":false},"author":1,"featured_media":0,"parent":0,"menu_order":0,"comment_status":"closed","ping_status":"closed","template":"","meta":{"footnotes":""},"class_list":["post-2089","page","type-page","status-publish","hentry","post-wrapper","thrv_wrapper"],"_links":{"self":[{"href":"https:\/\/floridafamilybenefit.com\/es\/wp-json\/wp\/v2\/pages\/2089","targetHints":{"allow":["GET"]}}],"collection":[{"href":"https:\/\/floridafamilybenefit.com\/es\/wp-json\/wp\/v2\/pages"}],"about":[{"href":"https:\/\/floridafamilybenefit.com\/es\/wp-json\/wp\/v2\/types\/page"}],"author":[{"embeddable":true,"href":"https:\/\/floridafamilybenefit.com\/es\/wp-json\/wp\/v2\/users\/1"}],"replies":[{"embeddable":true,"href":"https:\/\/floridafamilybenefit.com\/es\/wp-json\/wp\/v2\/comments?post=2089"}],"version-history":[{"count":11,"href":"https:\/\/floridafamilybenefit.com\/es\/wp-json\/wp\/v2\/pages\/2089\/revisions"}],"predecessor-version":[{"id":2192,"href":"https:\/\/floridafamilybenefit.com\/es\/wp-json\/wp\/v2\/pages\/2089\/revisions\/2192"}],"wp:attachment":[{"href":"https:\/\/floridafamilybenefit.com\/es\/wp-json\/wp\/v2\/media?parent=2089"}],"curies":[{"name":"wp","href":"https:\/\/api.w.org\/{rel}","templated":true}]}}